{"id":247,"date":"2019-03-04T20:08:07","date_gmt":"2019-03-04T18:08:07","guid":{"rendered":"http:\/\/pharmacomp.sk\/?page_id=247"},"modified":"2025-08-14T11:20:47","modified_gmt":"2025-08-14T09:20:47","slug":"sluzby","status":"publish","type":"page","link":"https:\/\/pharmacomp.sk\/en\/sluzby\/","title":{"rendered":"Slu\u017eby"},"content":{"rendered":"\n<p><strong>DISTRIB\u00daCIA LIEKOV<\/strong><\/p>\n\n\n\n<p>\u0160pecializujeme sa v oblasti ve\u013ekodistrib\u00facie hum\u00e1nnych a veterin\u00e1rnych liekov a zdravotn\u00edckych pom\u00f4cok. <\/p>\n\n\n\n<ul class=\"wp-block-list\"><li>dovoz liekov od v\u00fdrobcov z kraj\u00edn E\u00da<\/li><li>ve\u013ekodistrib\u00facia\n liekov a zdravotn\u00edckych pom\u00f4cok &#8211; dovoz, v\u00fdvoz, skladovanie, preprava a\n z\u00e1sobovanie v SR registrovan\u00fdch hromadne vyr\u00e1ban\u00fdch liekov, lie\u010div, \npomocn\u00fdch l\u00e1tok a schv\u00e1len\u00fdch zdravotn\u00edckych pom\u00f4cok<\/li><li>z\u00e1sobovanie nemocn\u00edc, verejn\u00fdch lek\u00e1rn\u00ed a in\u00fdch zdravotn\u00edckych zariaden\u00ed vlastn\u00fdm vozov\u00fdm parkom v r\u00e1mci cel\u00e9ho Slovenska<\/li><li>poskytovanie kvalitn\u00fdch a spo\u013eahliv\u00fdch slu\u017eieb v dod\u00e1vke liekov a zdravotn\u00edckeho sortimentu s d\u00f4razom na vysok\u00fa odborn\u00fa \u00farove\u0148<\/li><\/ul>\n\n\n\n<p>Pri v\u0161etk\u00fdch aktivit\u00e1ch spojen\u00fdch s distrib\u00faciou je pre n\u00e1s najd\u00f4le\u017eitej\u0161\u00ed spokojn\u00fd z\u00e1kazn\u00edk.<\/p>\n\n\n\n<p><strong>MARKETINGOV\u00c9 PRIESKUMY<\/strong><\/p>\n\n\n\n<p>Spolo\u010dnos\u0165  PharmaComp \u2013 distribu\u010dn\u00e1 spolo\u010dnos\u0165 s.r.o si uvedomuje, \u017ee spr\u00e1vne zvolen\u00e1 marketingov\u00e1  strat\u00e9gia je potrebn\u00e1 pre bud\u00faci \u00faspech aj vo farmaceutickej oblasti. Ku  ka\u017ed\u00e9mu z\u00e1kazn\u00edkovi pristupujeme plne individ\u00e1lne. Na z\u00e1klade zistenia  aktu\u00e1lnych potrieb a o\u010dak\u00e1van\u00ed vieme zabezpe\u010di\u0165 marketingov\u00fd prieskum  presne na mieru. U n\u00e1s V\u00e1m poskytneme v\u0161etko od anal\u00fdzy lok\u00e1lneho trhu,  optimaliz\u00e1cie \u013eudsk\u00fdch zdrojov a\u017e po presne cielen\u00fa marketingov\u00fa kampa\u0148.<\/p>\n\n\n\n<p><strong>REGISTR\u00c1CIA LIEKOV<\/strong><\/p>\n\n\n\n<p>Poskytujeme\n komplexn\u00fd servis spojen\u00fd s procesom registr\u00e1cie liekov. Na\u0161i \n\u0161pecialisti V\u00e1s ochotne a profesion\u00e1lne preved\u00fa celou proced\u00farou od \npr\u00edpravy a dokument\u00e1cie dan\u00e9ho lieku, a\u017e po harmoniz\u00e1ciu SPC, \u010di \ncertifikovan\u00fd preklad. Samozrejme V\u00e1s zast\u00fapime aj v komunik\u00e1cii so \n\u0161t\u00e1tnou liekovou agent\u00farou a ostatn\u00fdmi in\u0161tit\u00faciami liekovej politiky.<\/p>\n\n\n\n<p><strong>Obchodn\u00fd t\u00edm \/ v\u00fdhody outsourcingu<\/strong><\/p>\n\n\n\n<p>Podpora\n predaja a zvy\u0161ovanie povedomia o farmaceutick\u00fdch produktoch v \u010ceskej a \nSlovenskej republike je na\u0161\u00edm hlavn\u00fdm cie\u013eom. Od roku 2013 sme pre \nna\u0161ich partnerov roz\u0161\u00edrili ponuku poskytovan\u00fdch slu\u017eieb a pon\u00fakame \nOutsourcing obchodne predajn\u00e9ho t\u00edmu.<\/p>\n\n\n\n<p>Dok\u00e1\u017eeme\n komplexne participova\u0165 pri vytv\u00e1ran\u00ed marketingov\u00fdch strat\u00e9gi\u00ed a pl\u00e1nov \nna\u0161ich partnerov. Na\u0161im klientom pom\u00e1hame pri rie\u0161en\u00ed nadlinkov\u00fdch aj \npodlinkov\u00fdch komunika\u010dn\u00fdch strat\u00e9gi\u00ed.<\/p>\n","protected":false},"excerpt":{"rendered":"<p>DISTRIB\u00daCIA LIEKOV \u0160pecializujeme sa v oblasti ve\u013ekodistrib\u00facie hum\u00e1nnych a veterin\u00e1rnych liekov a zdravotn\u00edckych pom\u00f4cok. dovoz liekov od v\u00fdrobcov z kraj\u00edn E\u00da ve\u013ekodistrib\u00facia liekov a zdravotn\u00edckych pom\u00f4cok &#8211; dovoz, v\u00fdvoz, skladovanie, preprava a z\u00e1sobovanie v SR registrovan\u00fdch hromadne vyr\u00e1ban\u00fdch liekov, lie\u010div, pomocn\u00fdch l\u00e1tok a schv\u00e1len\u00fdch zdravotn\u00edckych pom\u00f4cok z\u00e1sobovanie nemocn\u00edc, verejn\u00fdch lek\u00e1rn\u00ed a in\u00fdch zdravotn\u00edckych zariaden\u00ed vlastn\u00fdm [&hellip;]<\/p>\n","protected":false},"author":3,"featured_media":0,"parent":0,"menu_order":0,"comment_status":"closed","ping_status":"closed","template":"","meta":{"_genesis_hide_title":false,"_genesis_hide_breadcrumbs":false,"_genesis_hide_singular_image":false,"_genesis_hide_footer_widgets":false,"_genesis_custom_body_class":"","_genesis_custom_post_class":"","_genesis_layout":"","footnotes":""},"class_list":{"0":"post-247","1":"page","2":"type-page","3":"status-publish","5":"entry"},"_links":{"self":[{"href":"https:\/\/pharmacomp.sk\/en\/wp-json\/wp\/v2\/pages\/247","targetHints":{"allow":["GET"]}}],"collection":[{"href":"https:\/\/pharmacomp.sk\/en\/wp-json\/wp\/v2\/pages"}],"about":[{"href":"https:\/\/pharmacomp.sk\/en\/wp-json\/wp\/v2\/types\/page"}],"author":[{"embeddable":true,"href":"https:\/\/pharmacomp.sk\/en\/wp-json\/wp\/v2\/users\/3"}],"replies":[{"embeddable":true,"href":"https:\/\/pharmacomp.sk\/en\/wp-json\/wp\/v2\/comments?post=247"}],"version-history":[{"count":3,"href":"https:\/\/pharmacomp.sk\/en\/wp-json\/wp\/v2\/pages\/247\/revisions"}],"predecessor-version":[{"id":5200,"href":"https:\/\/pharmacomp.sk\/en\/wp-json\/wp\/v2\/pages\/247\/revisions\/5200"}],"wp:attachment":[{"href":"https:\/\/pharmacomp.sk\/en\/wp-json\/wp\/v2\/media?parent=247"}],"curies":[{"name":"wp","href":"https:\/\/api.w.org\/{rel}","templated":true}]}}