{"id":10,"date":"2016-05-25T16:29:54","date_gmt":"2016-05-25T14:29:54","guid":{"rendered":"http:\/\/pharmacomp.sk\/?page_id=10"},"modified":"2025-08-15T13:19:22","modified_gmt":"2025-08-15T11:19:22","slug":"kontakty","status":"publish","type":"page","link":"https:\/\/pharmacomp.sk\/en\/kontakty\/","title":{"rendered":"CONTACT"},"content":{"rendered":"<div class=\"kontakt-blok\">\n\n<div class=\"gca-utility columns-container\"><div class=\"gca-column one-half first\"><h4 style=\"text-align: left;\">Where to find us:<\/h4>\n<p style=\"margin: 0; padding: 0;\"><strong>PharmaComp &#8211; distribu\u010dn\u00e1 spolo\u010dnos\u0165 s. r. o.<\/strong><\/p>\n<p style=\"margin: 0; padding: 0;\">Ulica Bystrick\u00e1 901<\/p>\n<p style=\"margin: 0; padding: 0;\">966 81 \u017darnovica<\/p>\n<p style=\"margin: 0; padding: 0;\">Slovakia&nbsp;<\/p>\n<p style=\"margin: 0; padding: 0;\">&nbsp;<\/p>\n<p style=\"margin: 0; padding: 0;\">I\u010cO: 52 719 812<\/p>\n<p style=\"margin: 0; padding: 0;\">DI\u010c: 2121131595<\/p>\n<p style=\"margin: 0; padding: 0;\">I\u010c DPH: SK2121131595&nbsp;<\/p>\n<p>&nbsp;<\/p>\n<p><span style=\"color: #333333;\">tel.: +421 45\/679 05 75<br \/>\n<a href=\"mailto:office@pharmacompds.sk\">office@pharmacompds.sk<\/a><\/p>\n<p><\/span><\/p><\/div>\n<div class=\"gca-column one-half\"><h4 style=\"text-align: left;\">Ask us anything:<\/h4>\n\t<div id=\"ninja_forms_form_6_cont\" class=\"ninja-forms-cont\">\n\t\t<div id=\"ninja_forms_form_6_wrap\" class=\"ninja-forms-form-wrap\">\n\t<div id=\"ninja_forms_form_6_response_msg\" style=\"\" class=\"ninja-forms-response-msg \"><\/div>\t<form id=\"ninja_forms_form_6\" enctype=\"multipart\/form-data\" method=\"post\" name=\"\" action=\"\" class=\"ninja-forms-form\">\n\n\t<input type=\"hidden\" id=\"_wpnonce\" name=\"_wpnonce\" value=\"cdf08960bc\" \/><input type=\"hidden\" name=\"_wp_http_referer\" value=\"\/en\/wp-json\/wp\/v2\/pages\/10\" \/>\t<input type=\"hidden\" name=\"_ninja_forms_display_submit\" value=\"1\">\n\t<input type=\"hidden\" name=\"_form_id\"  id=\"_form_id\" value=\"6\">\n\t\t<div class=\"hp-wrap\">\n\t\t<label>If you are a human and are seeing this field, please leave it blank.\t\t\t<input type=\"text\" value=\"\" name=\"_HTOJ4\">\n\t\t\t<input type=\"hidden\" value=\"_HTOJ4\" name=\"_hp_name\">\n\t\t<\/label>\n\t<\/div>\n\t\t<div id=\"ninja_forms_form_6_all_fields_wrap\" class=\"ninja-forms-all-fields-wrap\">\n\t\t\t<div class=\"ninja-forms-required-items\">Fields marked with an <span class=\"ninja-forms-req-symbol\">*<\/span> are required<\/div>\n\t\t\t\t\t\t\t\t<div class=\"field-wrap text-wrap label-above\"  id=\"ninja_forms_field_5_div_wrap\" data-visible=\"1\">\n\t\t\t\t\t\t\t<input type=\"hidden\" id=\"ninja_forms_field_5_type\" value=\"text\">\n\t\t<label for=\"ninja_forms_field_5\" id=\"ninja_forms_field_5_label\" class=\"\">Name <span class='ninja-forms-req-symbol'><strong>*<\/strong><\/span>\t\t\t\t<\/label>\n\t\t\t<input id=\"ninja_forms_field_5\" data-mask=\"\" data-input-limit=\"\" data-input-limit-type=\"char\" data-input-limit-msg=\"\" name=\"ninja_forms_field_5\" type=\"text\" placeholder=\"\" class=\"ninja-forms-field  ninja-forms-req \" value=\"\" rel=\"5\"   \/>\n\t\t<div id=\"ninja_forms_field_5_error\" style=\"display:none;\" class=\"ninja-forms-field-error\">\n\t\t<\/div>\n\t\t\t\t\t\t\t<\/div>\n\t\t\t\t\t\t\t\t\t\t\t\t<div class=\"field-wrap text-wrap label-above\"  id=\"ninja_forms_field_6_div_wrap\" data-visible=\"1\">\n\t\t\t\t\t\t\t<input type=\"hidden\" id=\"ninja_forms_field_6_type\" value=\"text\">\n\t\t<label for=\"ninja_forms_field_6\" id=\"ninja_forms_field_6_label\" class=\"\">Email <span class='ninja-forms-req-symbol'><strong>*<\/strong><\/span>\t\t\t\t<\/label>\n\t\t\t<input id=\"ninja_forms_field_6\" data-mask=\"\" data-input-limit=\"\" data-input-limit-type=\"char\" data-input-limit-msg=\"\" name=\"ninja_forms_field_6\" type=\"text\" placeholder=\"\" class=\"ninja-forms-field  ninja-forms-req email \" value=\"\" rel=\"6\"   \/>\n\t\t<div id=\"ninja_forms_field_6_error\" style=\"display:none;\" class=\"ninja-forms-field-error\">\n\t\t<\/div>\n\t\t\t\t\t\t\t<\/div>\n\t\t\t\t\t\t\t\t\t\t\t\t<div class=\"field-wrap textarea-wrap label-above\"  id=\"ninja_forms_field_7_div_wrap\" data-visible=\"1\">\n\t\t\t\t\t\t\t<input type=\"hidden\" id=\"ninja_forms_field_7_type\" value=\"textarea\">\n\t\t<label for=\"ninja_forms_field_7\" id=\"ninja_forms_field_7_label\" class=\"\">Message <span class='ninja-forms-req-symbol'><strong>*<\/strong><\/span>\t\t\t\t<\/label>\n\t\t\t\t<textarea name=\"ninja_forms_field_7\" id=\"ninja_forms_field_7\" class=\"ninja-forms-field  ninja-forms-req\" rel=\"7\" data-input-limit=\"\" data-input-limit-type=\"char\" data-input-limit-msg=\"\"><\/textarea>\n\t\t\t<div id=\"ninja_forms_field_7_error\" style=\"display:none;\" class=\"ninja-forms-field-error\">\n\t\t<\/div>\n\t\t\t\t\t\t\t<\/div>\n\t\t\t\t\t\t\t\t\t\t\t\t<div class=\"field-wrap submit-wrap label-above\"  id=\"ninja_forms_field_8_div_wrap\" data-visible=\"1\">\n\t\t\t\t\t\t\t<input type=\"hidden\" id=\"ninja_forms_field_8_type\" value=\"submit\">\n\t<div id=\"nf_submit_6\">\n\t\t<input type=\"submit\" name=\"_ninja_forms_field_8\" class=\"ninja-forms-field \" id=\"ninja_forms_field_8\" value=\"Send\" rel=\"8\" >\n\t<\/div>\n\t<div id=\"nf_processing_6\" style=\"display:none;\">\n\t\t<input type=\"submit\" name=\"_ninja_forms_field_8\" class=\"ninja-forms-field \" id=\"ninja_forms_field_8\" value=\"Processing\" rel=\"8\" disabled>\n\t<\/div>\n\t\t<div id=\"ninja_forms_field_8_error\" style=\"display:none;\" class=\"ninja-forms-field-error\">\n\t\t<\/div>\n\t\t\t\t\t\t\t<\/div>\n\t\t\t\t\t\t\t<\/div>\n\t\t<\/form>\n\t\t<\/div>\n\t\t<\/div>\n\t<\/div><\/div>\n<hr>\n<h4 style=\"text-align: center;\">Plan your trip to us:<\/h4>\n<div class=\"gca-utility vertical-spacer\"><\/div>\n<div align=\"center\"><iframe loading=\"lazy\" style=\"border: 0;\" src=\"https:\/\/www.google.com\/maps\/embed?pb=!1m18!1m12!1m3!1d25153.13344122519!2d18.718720021358035!3d48.496858065683824!2m3!1f0!2f0!3f0!3m2!1i1024!2i768!4f13.1!3m3!1m2!1s0x47152b42ff479d9f%3A0x8a4a6464c603e1aa!2sBystrick%C3%A1+901%2F95%2C+966+81+%C5%BDarnovica!5e0!3m2!1sen!2ssk!4v1464871930919\" width=\"100%\" height=\"400\" frameborder=\"0\" allowfullscreen=\"allowfullscreen\"><\/iframe><\/div>\n<\/div>","protected":false},"excerpt":{"rendered":"<p>Plan your trip to us:<\/p>\n","protected":false},"author":1,"featured_media":145,"parent":0,"menu_order":0,"comment_status":"closed","ping_status":"closed","template":"","meta":{"_genesis_hide_title":false,"_genesis_hide_breadcrumbs":false,"_genesis_hide_singular_image":false,"_genesis_hide_footer_widgets":false,"_genesis_custom_body_class":"","_genesis_custom_post_class":"","_genesis_layout":"","footnotes":""},"class_list":{"0":"post-10","1":"page","2":"type-page","3":"status-publish","4":"has-post-thumbnail","6":"entry"},"_links":{"self":[{"href":"https:\/\/pharmacomp.sk\/en\/wp-json\/wp\/v2\/pages\/10","targetHints":{"allow":["GET"]}}],"collection":[{"href":"https:\/\/pharmacomp.sk\/en\/wp-json\/wp\/v2\/pages"}],"about":[{"href":"https:\/\/pharmacomp.sk\/en\/wp-json\/wp\/v2\/types\/page"}],"author":[{"embeddable":true,"href":"https:\/\/pharmacomp.sk\/en\/wp-json\/wp\/v2\/users\/1"}],"replies":[{"embeddable":true,"href":"https:\/\/pharmacomp.sk\/en\/wp-json\/wp\/v2\/comments?post=10"}],"version-history":[{"count":35,"href":"https:\/\/pharmacomp.sk\/en\/wp-json\/wp\/v2\/pages\/10\/revisions"}],"predecessor-version":[{"id":5249,"href":"https:\/\/pharmacomp.sk\/en\/wp-json\/wp\/v2\/pages\/10\/revisions\/5249"}],"wp:featuredmedia":[{"embeddable":true,"href":"https:\/\/pharmacomp.sk\/en\/wp-json\/wp\/v2\/media\/145"}],"wp:attachment":[{"href":"https:\/\/pharmacomp.sk\/en\/wp-json\/wp\/v2\/media?parent=10"}],"curies":[{"name":"wp","href":"https:\/\/api.w.org\/{rel}","templated":true}]}}